{"id":11282,"date":"2023-09-03T14:47:31","date_gmt":"2023-09-03T12:47:31","guid":{"rendered":"https:\/\/www.marrakechtoursandtrips.com\/contact-us\/"},"modified":"2025-06-23T03:17:01","modified_gmt":"2025-06-23T01:17:01","slug":"contacto","status":"publish","type":"page","link":"https:\/\/www.marrakechtoursandtrips.com\/es\/contacto\/","title":{"rendered":"Contacto"},"content":{"rendered":"<section class=\"wpb-content-wrapper\"><p>[vc_row full_width=\"stretch_row\" el_class=\"bgblanc\" css=\".vc_custom_1668253034352{padding-top: 30px !important;background-color: #f3f3f3 !important;}\"][vc_column width=\"1\/2\"]<div class=\"evc-section-title evc-shortcode \" style=\"text-align: left\">\n\t<div class=\"evc-st-inner\">\n\t\t\t\t\t<h2 class=\"evc-st-title\" >\n\t\t\t\tPonte en contacto con nosotras\t\t\t<\/h2>\n\t\t\t\t\t\t\t<div class=\"evc-st-separator\" ><\/div>\n\t\t\t\t\t\t\t<\/div>\n<\/div>\n[vc_column_text]\u00bfUna pregunta para hacernos? \u00a1No dude en contactarnos en cualquier momento! Nuestro equipo est\u00e1 a su servicio. Simplemente ll\u00e1menos o env\u00edenos un correo electr\u00f3nico completando el formulario de contacto.[\/vc_column_text][vc_row_inner][vc_column_inner]<div class=\"aio-icon-component    style_2\"><div id=\"Info-box-wrap-7015\" class=\"aio-icon-box left-icon\" style=\"\"  ><div class=\"aio-icon-left\"><div class=\"ult-just-icon-wrapper  \"><div class=\"align-icon\" style=\"text-align:center;\">\n<div class=\"aio-icon advanced \" data-animation=\"fadeInLeft\" data-animation-delay=\"03\" style=\"color:#054473;background:#ffffff;border-style:outset;border-color:#054473;border-width:1px;width:50px;height:50px;line-height:50px;border-radius:500px;font-size:32px;display:inline-block;\">\n\t<i class=\"Defaults-phone\"><\/i>\n<\/div><\/div><\/div><\/div><div class=\"aio-ibd-block\"><div class=\"aio-icon-header\" ><h3 class=\"aio-icon-title ult-responsive\"  data-ultimate-target='#Info-box-wrap-7015 .aio-icon-title'  data-responsive-json-new='{\"font-size\":\"\",\"line-height\":\"\"}'  style=\"\">Tel\u00e9fono<\/h3><\/div> <!-- header --><div class=\"aio-icon-description ult-responsive\"  data-ultimate-target='#Info-box-wrap-7015 .aio-icon-description'  data-responsive-json-new='{\"font-size\":\"\",\"line-height\":\"\"}'  style=\"\"><strong><a href=\"tel:+212690807017\">+212 6 90807017<\/a><\/strong><\/div> <!-- description --><\/div> <!-- aio-ibd-block --><\/div> <!-- aio-icon-box --><\/div> <!-- aio-icon-component --><div class=\"aio-icon-component    style_2\"><div id=\"Info-box-wrap-3959\" class=\"aio-icon-box left-icon\" style=\"\"  ><div class=\"aio-icon-left\"><div class=\"ult-just-icon-wrapper  \"><div class=\"align-icon\" style=\"text-align:center;\">\n<div class=\"aio-icon advanced \" data-animation=\"fadeInLeft\" data-animation-delay=\"03\" style=\"color:#054473;background:#ffffff;border-style:outset;border-color:#054473;border-width:1px;width:50px;height:50px;line-height:50px;border-radius:500px;font-size:32px;display:inline-block;\">\n\t<i class=\"Defaults-envelope\"><\/i>\n<\/div><\/div><\/div><\/div><div class=\"aio-ibd-block\"><div class=\"aio-icon-header\" ><h3 class=\"aio-icon-title ult-responsive\"  data-ultimate-target='#Info-box-wrap-3959 .aio-icon-title'  data-responsive-json-new='{\"font-size\":\"\",\"line-height\":\"\"}'  style=\"\">Correo electr\u00f3nico<\/h3><\/div> <!-- header --><div class=\"aio-icon-description ult-responsive\"  data-ultimate-target='#Info-box-wrap-3959 .aio-icon-description'  data-responsive-json-new='{\"font-size\":\"\",\"line-height\":\"\"}'  style=\"\"><strong><a href=\"mailto:marrakechtoursandtrip@gmail.com\">marrakechtoursandtrip@gmail.com<\/a><\/strong><\/div> <!-- description --><\/div> <!-- aio-ibd-block --><\/div> <!-- aio-icon-box --><\/div> <!-- aio-icon-component -->[\/vc_column_inner][\/vc_row_inner][\/vc_column][vc_column width=\"1\/2\"]\n<div class=\"wpcf7 no-js\" id=\"wpcf7-f11291-o1\" lang=\"en-US\" dir=\"ltr\" data-wpcf7-id=\"11291\">\n<div class=\"screen-reader-response\"><p role=\"status\" aria-live=\"polite\" aria-atomic=\"true\"><\/p> <ul><\/ul><\/div>\n<form action=\"\/es\/wp-json\/wp\/v2\/pages\/11282#wpcf7-f11291-o1\" method=\"post\" class=\"wpcf7-form init\" aria-label=\"Contact form\" novalidate=\"novalidate\" data-status=\"init\">\n<fieldset class=\"hidden-fields-container\"><input type=\"hidden\" name=\"_wpcf7\" value=\"11291\" \/><input type=\"hidden\" name=\"_wpcf7_version\" value=\"6.1.5\" \/><input type=\"hidden\" name=\"_wpcf7_locale\" value=\"en_US\" \/><input type=\"hidden\" name=\"_wpcf7_unit_tag\" value=\"wpcf7-f11291-o1\" \/><input type=\"hidden\" name=\"_wpcf7_container_post\" value=\"0\" \/><input type=\"hidden\" name=\"_wpcf7_posted_data_hash\" value=\"\" \/>\n<\/fieldset>\n<div class=\"gdlr-core-input-wrap gdlr-core-large gdlr-core-full-width gdlr-core-with-column gdlr-core-no-border\" >\n\t<div class=\"gdlr-core-column-30\">\n\t\t<p><span class=\"wpcf7-form-control-wrap\" data-name=\"your-name\"><input size=\"40\" maxlength=\"400\" class=\"wpcf7-form-control wpcf7-text wpcf7-validates-as-required\" aria-required=\"true\" aria-invalid=\"false\" placeholder=\"Nombre completo*\" value=\"\" type=\"text\" name=\"your-name\" \/><\/span>\n\t\t<\/p>\n\t<\/div>\n\t<div class=\"gdlr-core-column-30\">\n\t\t<p><span class=\"wpcf7-form-control-wrap\" data-name=\"phone\"><input size=\"40\" maxlength=\"400\" class=\"wpcf7-form-control wpcf7-text wpcf7-validates-as-required\" aria-required=\"true\" aria-invalid=\"false\" placeholder=\"Tel\u00e9fono*\" value=\"\" type=\"text\" name=\"phone\" \/><\/span>\n\t\t<\/p>\n\t<\/div>\n\t<div class=\"clear\">\n\t<\/div>\n\t<div class=\"gdlr-core-column-60\">\n\t\t<p><span class=\"wpcf7-form-control-wrap\" data-name=\"your-email\"><input size=\"40\" maxlength=\"400\" class=\"wpcf7-form-control wpcf7-email wpcf7-validates-as-required wpcf7-text wpcf7-validates-as-email\" aria-required=\"true\" aria-invalid=\"false\" placeholder=\"Correo electr\u00f3nico*\" value=\"\" type=\"email\" name=\"your-email\" \/><\/span>\n\t\t<\/p>\n\t<\/div>\n\t<div class=\"gdlr-core-column-60\">\n\t\t<p><span class=\"wpcf7-form-control-wrap\" data-name=\"your-subject\"><input size=\"40\" maxlength=\"400\" class=\"wpcf7-form-control wpcf7-text wpcf7-validates-as-required\" aria-required=\"true\" aria-invalid=\"false\" placeholder=\"Sujeto*\" value=\"\" type=\"text\" name=\"your-subject\" \/><\/span>\n\t\t<\/p>\n\t<\/div>\n\t<div class=\"clear\">\n\t<\/div>\n\t<div class=\"gdlr-core-column-60\">\n\t\t<p><span class=\"wpcf7-form-control-wrap\" data-name=\"your-message\"><textarea cols=\"40\" rows=\"10\" maxlength=\"2000\" class=\"wpcf7-form-control wpcf7-textarea wpcf7-validates-as-required\" aria-required=\"true\" aria-invalid=\"false\" placeholder=\"Mensaje*\" name=\"your-message\"><\/textarea><\/span>\n\t\t<\/p>\n\t<\/div>\n\t<div class=\"gdlr-core-column-60 gdlr-core-center-align\">\n\t\t<p><input class=\"wpcf7-form-control wpcf7-submit has-spinner gdlr-core-full\" type=\"submit\" value=\"Entregar\" \/>\n\t\t<\/p>\n\t<\/div>\n<\/div><div class=\"wpcf7-response-output\" aria-hidden=\"true\"><\/div>\n<\/form>\n<\/div>\n[\/vc_column][\/vc_row]<\/p>\n<\/section>","protected":false},"excerpt":{"rendered":"<p>[vc_row full_width=\"stretch_row\" el_class=\"bgblanc\" css=\".vc_custom_1668253034352{padding-top: 30px !important;background-color: #f3f3f3 !important;}\"][vc_column width=\"1\/2\"][vc_column_text]\u00bfUna pregunta para hacernos? \u00a1No dude en contactarnos en cualquier momento! Nuestro equipo est\u00e1 a su servicio. Simplemente ll\u00e1menos o env\u00edenos un correo electr\u00f3nico completando el formulario de contacto.[\/vc_column_text][vc_row_inner][vc_column_inner][\/vc_column_inner][\/vc_row_inner][\/vc_column][vc_column width=\"1\/2\"][\/vc_column][\/vc_row]<\/p>\n","protected":false},"author":1,"featured_media":0,"parent":0,"menu_order":0,"comment_status":"closed","ping_status":"closed","template":"","meta":{"_monsterinsights_skip_tracking":false,"_monsterinsights_sitenote_active":false,"_monsterinsights_sitenote_note":"","_monsterinsights_sitenote_category":0,"footnotes":""},"class_list":["post-11282","page","type-page","status-publish","hentry"],"acf":[],"_links":{"self":[{"href":"https:\/\/www.marrakechtoursandtrips.com\/es\/wp-json\/wp\/v2\/pages\/11282","targetHints":{"allow":["GET"]}}],"collection":[{"href":"https:\/\/www.marrakechtoursandtrips.com\/es\/wp-json\/wp\/v2\/pages"}],"about":[{"href":"https:\/\/www.marrakechtoursandtrips.com\/es\/wp-json\/wp\/v2\/types\/page"}],"author":[{"embeddable":true,"href":"https:\/\/www.marrakechtoursandtrips.com\/es\/wp-json\/wp\/v2\/users\/1"}],"replies":[{"embeddable":true,"href":"https:\/\/www.marrakechtoursandtrips.com\/es\/wp-json\/wp\/v2\/comments?post=11282"}],"version-history":[{"count":6,"href":"https:\/\/www.marrakechtoursandtrips.com\/es\/wp-json\/wp\/v2\/pages\/11282\/revisions"}],"predecessor-version":[{"id":24452,"href":"https:\/\/www.marrakechtoursandtrips.com\/es\/wp-json\/wp\/v2\/pages\/11282\/revisions\/24452"}],"wp:attachment":[{"href":"https:\/\/www.marrakechtoursandtrips.com\/es\/wp-json\/wp\/v2\/media?parent=11282"}],"curies":[{"name":"wp","href":"https:\/\/api.w.org\/{rel}","templated":true}]}}