{"id":24985,"date":"2026-04-09T01:14:08","date_gmt":"2026-04-08T23:14:08","guid":{"rendered":"https:\/\/www.marrakechtoursandtrips.com\/?page_id=24985"},"modified":"2026-04-09T01:15:48","modified_gmt":"2026-04-08T23:15:48","slug":"blog-de-voyage-au-maroc","status":"publish","type":"page","link":"https:\/\/www.marrakechtoursandtrips.com\/fr\/blog-de-voyage-au-maroc\/","title":{"rendered":"Blog de voyage au Maroc"},"content":{"rendered":"<p>Bienvenue sur notre blog de voyage au Maroc, votre guide complet pour d\u00e9couvrir Marrakech et tout le pays facilement et sans stress. Que vous cherchiez des conseils pratiques, des excursions incontournables ou des guides d\u00e9taill\u00e9s, vous trouverez ici tout ce dont vous avez besoin pour planifier votre voyage.<\/p>\n<p>Explorez les souks color\u00e9s de Marrakech, profitez des excursions dans le d\u00e9sert d\u2019Agafay ou partez \u00e0 l\u2019aventure dans les montagnes de l\u2019Atlas. Nos guides incluent des astuces pour organiser votre itin\u00e9raire, trouver les meilleurs h\u00e9bergements et vivre des exp\u00e9riences authentiques.<\/p>\n","protected":false},"excerpt":{"rendered":"<p>Bienvenue sur notre blog de voyage au Maroc, votre guide complet pour d\u00e9couvrir Marrakech et tout le pays facilement et sans stress. Que vous cherchiez des conseils pratiques, des excursions incontournables ou des guides d\u00e9taill\u00e9s, vous trouverez ici tout ce dont vous avez besoin pour planifier votre voyage. Explorez les souks color\u00e9s de Marrakech, profitez [&hellip;]<\/p>\n","protected":false},"author":3,"featured_media":0,"parent":0,"menu_order":0,"comment_status":"closed","ping_status":"closed","template":"","meta":{"_monsterinsights_skip_tracking":false,"_monsterinsights_sitenote_active":false,"_monsterinsights_sitenote_note":"","_monsterinsights_sitenote_category":0,"footnotes":""},"class_list":["post-24985","page","type-page","status-publish","hentry"],"acf":[],"_links":{"self":[{"href":"https:\/\/www.marrakechtoursandtrips.com\/fr\/wp-json\/wp\/v2\/pages\/24985","targetHints":{"allow":["GET"]}}],"collection":[{"href":"https:\/\/www.marrakechtoursandtrips.com\/fr\/wp-json\/wp\/v2\/pages"}],"about":[{"href":"https:\/\/www.marrakechtoursandtrips.com\/fr\/wp-json\/wp\/v2\/types\/page"}],"author":[{"embeddable":true,"href":"https:\/\/www.marrakechtoursandtrips.com\/fr\/wp-json\/wp\/v2\/users\/3"}],"replies":[{"embeddable":true,"href":"https:\/\/www.marrakechtoursandtrips.com\/fr\/wp-json\/wp\/v2\/comments?post=24985"}],"version-history":[{"count":5,"href":"https:\/\/www.marrakechtoursandtrips.com\/fr\/wp-json\/wp\/v2\/pages\/24985\/revisions"}],"predecessor-version":[{"id":24990,"href":"https:\/\/www.marrakechtoursandtrips.com\/fr\/wp-json\/wp\/v2\/pages\/24985\/revisions\/24990"}],"wp:attachment":[{"href":"https:\/\/www.marrakechtoursandtrips.com\/fr\/wp-json\/wp\/v2\/media?parent=24985"}],"curies":[{"name":"wp","href":"https:\/\/api.w.org\/{rel}","templated":true}]}}