{"id":5505,"date":"2020-06-23T14:02:15","date_gmt":"2020-06-23T12:02:15","guid":{"rendered":"https:\/\/www.marrakechtoursandtrips.com\/?page_id=5505"},"modified":"2020-10-29T03:59:44","modified_gmt":"2020-10-29T02:59:44","slug":"la-palmeraie-oasis-marrakech","status":"publish","type":"page","link":"https:\/\/www.marrakechtoursandtrips.com\/fr\/a-visiter-sur-marrakech\/la-palmeraie-oasis-marrakech\/","title":{"rendered":"La Palmeraie"},"content":{"rendered":"<section class=\"wpb-content-wrapper\"><p>[vc_row full_width=\"stretch_row\" css=\".vc_custom_1603938794850{background-image: url(https:\/\/www.marrakechtoursandtrips.com\/wp-content\/uploads\/2020\/05\/bgwhite.jpg?id=5443) !important;}\"][vc_column width=\"1\/2\"]<div class=\"evc-section-title evc-shortcode \" style=\"text-align: left\">\n\t<div class=\"evc-st-inner\">\n\t\t\t\t\t<h2 class=\"evc-st-title\" >\n\t\t\t\tLa Palmeraie\t\t\t<\/h2>\n\t\t\t\t\t\t\t<div class=\"evc-st-separator\" ><\/div>\n\t\t\t\t\t\t\t<\/div>\n<\/div>\n[vc_column_text]C'est l'un des plus anciens vergers de Marrakech, que les Almoravides ont fond\u00e9 en 1064 sur une superficie de 15000 hectares et contiennent une grande couverture de palmiers (100000 palmiers) qui nourrissaient la ville \u00e0 l'\u00e9poque (bois de chauffage et mat\u00e9riaux pour l'industrie traditionnelle).<\/p>\n<p>\u00c0 l'\u00e9poque, les vergers atteignaient les murs de la ville, mais l'expansion urbaine a contribu\u00e9 \u00e0 r\u00e9duire leur taille.<\/p>\n<p>Les vergers sont situ\u00e9s au nord de la ville dans une zone urbaine haut de gamme compos\u00e9e d'h\u00f4tels cinq \u00e9toiles, de terrains de golf, de logements de luxe et de clubs de sport.<\/p>\n<p>C\u2019est l\u2019endroit id\u00e9al pour prendre un espace nomade de quelques heures lors d\u2019une balade \u00e0 dos de chameau. Au cours de votre voyage de 20 km, vous pourrez admirer les palmiers, les belles villas et, avec un peu de chance, une station baln\u00e9aire internationale \u00e0 Marrakech.<\/p>\n<p>&nbsp;<\/p>\n<p>[\/vc_column_text][\/vc_column][vc_column width=\"1\/2\"][vc_single_image image=\"6048\" img_size=\"full\"][\/vc_column][\/vc_row]<\/p>\n<\/section>","protected":false},"excerpt":{"rendered":"<p>[vc_row full_width=\"stretch_row\" css=\".vc_custom_1603938794850{background-image: url(https:\/\/www.marrakechtoursandtrips.com\/wp-content\/uploads\/2020\/05\/bgwhite.jpg?id=5443) !important;}\"][vc_column width=\"1\/2\"][vc_column_text]C'est l'un des plus anciens vergers de Marrakech, que les Almoravides ont fond\u00e9 en 1064 sur une superficie de 15000 hectares et contiennent une grande couverture de palmiers (100000 palmiers) qui nourrissaient la ville \u00e0 l'\u00e9poque (bois de chauffage et mat\u00e9riaux pour l'industrie traditionnelle). \u00c0 l'\u00e9poque, les vergers atteignaient les [&hellip;]<\/p>\n","protected":false},"author":1,"featured_media":0,"parent":5267,"menu_order":0,"comment_status":"closed","ping_status":"closed","template":"","meta":{"_monsterinsights_skip_tracking":false,"_monsterinsights_sitenote_active":false,"_monsterinsights_sitenote_note":"","_monsterinsights_sitenote_category":0,"footnotes":""},"class_list":["post-5505","page","type-page","status-publish","hentry"],"acf":[],"_links":{"self":[{"href":"https:\/\/www.marrakechtoursandtrips.com\/fr\/wp-json\/wp\/v2\/pages\/5505","targetHints":{"allow":["GET"]}}],"collection":[{"href":"https:\/\/www.marrakechtoursandtrips.com\/fr\/wp-json\/wp\/v2\/pages"}],"about":[{"href":"https:\/\/www.marrakechtoursandtrips.com\/fr\/wp-json\/wp\/v2\/types\/page"}],"author":[{"embeddable":true,"href":"https:\/\/www.marrakechtoursandtrips.com\/fr\/wp-json\/wp\/v2\/users\/1"}],"replies":[{"embeddable":true,"href":"https:\/\/www.marrakechtoursandtrips.com\/fr\/wp-json\/wp\/v2\/comments?post=5505"}],"version-history":[{"count":6,"href":"https:\/\/www.marrakechtoursandtrips.com\/fr\/wp-json\/wp\/v2\/pages\/5505\/revisions"}],"predecessor-version":[{"id":6051,"href":"https:\/\/www.marrakechtoursandtrips.com\/fr\/wp-json\/wp\/v2\/pages\/5505\/revisions\/6051"}],"up":[{"embeddable":true,"href":"https:\/\/www.marrakechtoursandtrips.com\/fr\/wp-json\/wp\/v2\/pages\/5267"}],"wp:attachment":[{"href":"https:\/\/www.marrakechtoursandtrips.com\/fr\/wp-json\/wp\/v2\/media?parent=5505"}],"curies":[{"name":"wp","href":"https:\/\/api.w.org\/{rel}","templated":true}]}}