{"id":5517,"date":"2020-06-23T14:24:51","date_gmt":"2020-06-23T12:24:51","guid":{"rendered":"https:\/\/www.marrakechtoursandtrips.com\/?page_id=5517"},"modified":"2020-11-03T02:40:11","modified_gmt":"2020-11-03T01:40:11","slug":"palais-el-badi","status":"publish","type":"page","link":"https:\/\/www.marrakechtoursandtrips.com\/fr\/a-visiter-sur-marrakech\/palais-el-badi\/","title":{"rendered":"Palais El Badi"},"content":{"rendered":"<section class=\"wpb-content-wrapper\"><p>[vc_row full_width=\"stretch_row\" css=\".vc_custom_1604367608533{background-image: url(https:\/\/www.marrakechtoursandtrips.com\/wp-content\/uploads\/2020\/05\/bgwhite.jpg?id=5443) !important;}\"][vc_column width=\"1\/2\"]<div class=\"evc-section-title evc-shortcode \" style=\"text-align: left\">\n\t<div class=\"evc-st-inner\">\n\t\t\t\t\t<h2 class=\"evc-st-title\" >\n\t\t\t\tPalais El Badi\t\t\t<\/h2>\n\t\t\t\t\t\t\t<div class=\"evc-st-separator\" ><\/div>\n\t\t\t\t\t\t\t<\/div>\n<\/div>\n[vc_column_text]Ce palais devait \u00eatre la merveille du Maroc. Apres la victoire sur l\u2019arm\u00e9e portugais \u00e0 la bataille des trois rois (1578), Le Sultan Saadien Ahmed el-Mansour (1578-1603) a d\u00e9cid\u00e9 de construire ce palais, qui signifier un \u00ab\u00a0l\u2019incomparable\u00a0\u00bb, l\u2019un des 99 noms d\u2019Allah. En 1696 Le Sultan Moulay Ismail a pris toutes les choses de grande valeur pour construire la ville imp\u00e9riale de Mekn\u00e8s.<\/p>\n<p>Mais Aujourd\u2019hui c\u2019est une \u00e9norme place de jardins entour\u00e9e avec des murs hauts et tr\u00e8s large (6 m sur 1 m), habit\u00e9 par des cigognes et des chats errants.<\/p>\n<p>Il y a des passages souterrains \u00e0 explorer avec plusieurs enseignes choses (Le Minbar du 12\u00e9me si\u00e8cle pour la la mosqu\u00e9e de la koutoubia, des photos des prisonniers, des sale avec des t\u00e9l\u00e9visions qui explique l\u2019histoire du palais avec plusieurs longues). La vue depuis la terrasse est majestueuse.<\/p>\n<p>Le palais est ouvert de 9h jusqu\u2019\u00e0 17h, L\u2019admission est de 70 dirhams par personne.<\/p>\n<p>[\/vc_column_text][\/vc_column][vc_column width=\"1\/2\"][vc_single_image image=\"6066\" img_size=\"full\"][\/vc_column][\/vc_row]<\/p>\n<\/section>","protected":false},"excerpt":{"rendered":"<p>[vc_row full_width=\"stretch_row\" css=\".vc_custom_1604367608533{background-image: url(https:\/\/www.marrakechtoursandtrips.com\/wp-content\/uploads\/2020\/05\/bgwhite.jpg?id=5443) !important;}\"][vc_column width=\"1\/2\"][vc_column_text]Ce palais devait \u00eatre la merveille du Maroc. Apres la victoire sur l\u2019arm\u00e9e portugais \u00e0 la bataille des trois rois (1578), Le Sultan Saadien Ahmed el-Mansour (1578-1603) a d\u00e9cid\u00e9 de construire ce palais, qui signifier un \u00ab\u00a0l\u2019incomparable\u00a0\u00bb, l\u2019un des 99 noms d\u2019Allah. En 1696 Le Sultan Moulay Ismail a pris [&hellip;]<\/p>\n","protected":false},"author":1,"featured_media":0,"parent":5267,"menu_order":0,"comment_status":"closed","ping_status":"closed","template":"","meta":{"_monsterinsights_skip_tracking":false,"_monsterinsights_sitenote_active":false,"_monsterinsights_sitenote_note":"","_monsterinsights_sitenote_category":0,"footnotes":""},"class_list":["post-5517","page","type-page","status-publish","hentry"],"acf":[],"_links":{"self":[{"href":"https:\/\/www.marrakechtoursandtrips.com\/fr\/wp-json\/wp\/v2\/pages\/5517","targetHints":{"allow":["GET"]}}],"collection":[{"href":"https:\/\/www.marrakechtoursandtrips.com\/fr\/wp-json\/wp\/v2\/pages"}],"about":[{"href":"https:\/\/www.marrakechtoursandtrips.com\/fr\/wp-json\/wp\/v2\/types\/page"}],"author":[{"embeddable":true,"href":"https:\/\/www.marrakechtoursandtrips.com\/fr\/wp-json\/wp\/v2\/users\/1"}],"replies":[{"embeddable":true,"href":"https:\/\/www.marrakechtoursandtrips.com\/fr\/wp-json\/wp\/v2\/comments?post=5517"}],"version-history":[{"count":5,"href":"https:\/\/www.marrakechtoursandtrips.com\/fr\/wp-json\/wp\/v2\/pages\/5517\/revisions"}],"predecessor-version":[{"id":6084,"href":"https:\/\/www.marrakechtoursandtrips.com\/fr\/wp-json\/wp\/v2\/pages\/5517\/revisions\/6084"}],"up":[{"embeddable":true,"href":"https:\/\/www.marrakechtoursandtrips.com\/fr\/wp-json\/wp\/v2\/pages\/5267"}],"wp:attachment":[{"href":"https:\/\/www.marrakechtoursandtrips.com\/fr\/wp-json\/wp\/v2\/media?parent=5517"}],"curies":[{"name":"wp","href":"https:\/\/api.w.org\/{rel}","templated":true}]}}