{"id":11283,"date":"2023-09-03T15:05:41","date_gmt":"2023-09-03T13:05:41","guid":{"rendered":"https:\/\/www.marrakechtoursandtrips.com\/the-city-of-marrakech-2\/"},"modified":"2025-06-18T15:26:01","modified_gmt":"2025-06-18T13:26:01","slug":"guida-citta-marrakech","status":"publish","type":"page","link":"https:\/\/www.marrakechtoursandtrips.com\/it\/guida-citta-marrakech\/","title":{"rendered":"La citt\u00e0 di Marrakech"},"content":{"rendered":"<section class=\"wpb-content-wrapper\"><p>[vc_row full_width=\"stretch_row\" css=\".vc_custom_1612428047920{background-image: url(https:\/\/www.marrakechtoursandtrips.com\/wp-content\/uploads\/2020\/05\/bgwhite.jpg?id=5443) !important;}\"][vc_column width=\"1\/2\"]<div class=\"evc-section-title evc-shortcode \" style=\"text-align: left\">\n\t<div class=\"evc-st-inner\">\n\t\t\t\t\t<h2 class=\"evc-st-title\" >\n\t\t\t\tPerch\u00e9 visitare Marrakech?\t\t\t<\/h2>\n\t\t\t\t\t\t\t<div class=\"evc-st-separator\" ><\/div>\n\t\t\t\t\t\t\t<\/div>\n<\/div>\n[vc_column_text]L'antica capitale del Marocco, Marrakech \u00e8 una citt\u00e0 meravigliosa che offre ai turisti molte attivit\u00e0 interessanti e tour culturali.<\/p>\n<p>Ti regaler\u00e0 un'emozionante esperienza di colori, sapori e odori che sentirai quando scenderai dall'aereo e che rimarr\u00e0 con te per diverse settimane dopo il tuo ritorno.<\/p>\n<p>Marrakech si trova nel centro del Marocco (posizione strategica), \u00e8 possibile, dopo aver esplorato la citt\u00e0 (massimo due giorni), effettuare varie escursioni giornaliere da Marrakech, ad esempio: Essaouira, Ouarzazate, Cascate di Ouzoud, Valle dell'Ourika e deserto.<\/p>\n<p>Ci sono molte attivit\u00e0 dentro e fuori Marrakech, come: gite in cammello, lezioni di cucina, visite guidate, mongolfiere... ecc.[\/vc_column_text][\/vc_column][vc_column width=\"1\/2\"][vc_single_image image=\"5447\" img_size=\"full\"][\/vc_column][\/vc_row][vc_row full_width=\"stretch_row_content\" css=\".vc_custom_1589589994999{background-color: #064473 !important;}\" el_class=\"dark\"][vc_column width=\"1\/2\" el_class=\"world\"][vc_row_inner][vc_column_inner width=\"1\/6\"][\/vc_column_inner][vc_column_inner width=\"5\/6\"]<div class=\"evc-section-title evc-shortcode \" style=\"text-align: left\">\n\t<div class=\"evc-st-inner\">\n\t\t\t\t\t<h2 class=\"evc-st-title\" >\n\t\t\t\tQuanti giorni per visitare Marrakech?\t\t\t<\/h2>\n\t\t\t\t\t\t\t<div class=\"evc-st-separator\" ><\/div>\n\t\t\t\t\t\t\t<\/div>\n<\/div>\n[vc_column_text]Puoi esplorare la citt\u00e0 di Marrakech da solo in massimo due giorni.<\/p>\n<p>Il piano esplorativo \u00e8:[\/vc_column_text]<div class=\"smile_icon_list_wrap ult_info_list_container ult-adjust-bottom-margin Listid \"><ul class=\"smile_icon_list left square with_bg\"><li class=\"icon_list_item\" style=\" font-size:72px;\"><div class=\"icon_list_icon\" data-animation=\"pulse\" data-animation-delay=\"03\" style=\"font-size:24px;border-width:1px;border-style:none;background:#054473;color:#24c2d3;border-color:#333333;\"><i class=\"Defaults-star\" ><\/i><\/div><div class=\"icon_description\" id=\"Info-list-wrap-4561\" style=\"font-size:24px;\"><h3 class=\"ult-responsive info-list-heading\"  data-ultimate-target='#Info-list-wrap-4561 h3'  data-responsive-json-new='{\"font-size\":\"desktop:16px;\",\"line-height\":\"desktop:24px;\"}'  style=\"\">Il primo giorno<\/h3><div class=\"icon_description_text ult-responsive\"  data-ultimate-target='#Info-list-wrap-4561 .icon_description_text'  data-responsive-json-new='{\"font-size\":\"desktop:13px;\",\"line-height\":\"desktop:18px;\"}'  style=\"\"><p style=\"color: #fff !important;\">Inizia dalla tua residenza, ad esempio, verso la sezione sud in direzione del centro.<\/p>\n<\/div><\/div><div class=\"icon_list_connector\"  style=\"border-right-width: 2px;border-right-style: dashed;border-color: #24c2d3;left: 36px;\"><\/div><\/li><li class=\"icon_list_item\" style=\" font-size:72px;\"><div class=\"icon_list_icon\" data-animation=\"pulse\" data-animation-delay=\"03\" style=\"font-size:24px;border-width:1px;border-style:none;background:#054473;color:#24c2d3;border-color:#333333;\"><i class=\"Defaults-star\" ><\/i><\/div><div class=\"icon_description\" id=\"Info-list-wrap-5487\" style=\"font-size:24px;\"><h3 class=\"ult-responsive info-list-heading\"  data-ultimate-target='#Info-list-wrap-5487 h3'  data-responsive-json-new='{\"font-size\":\"desktop:16px;\",\"line-height\":\"desktop:24px;\"}'  style=\"\">Secondo giorno<\/h3><div class=\"icon_description_text ult-responsive\"  data-ultimate-target='#Info-list-wrap-5487 .icon_description_text'  data-responsive-json-new='{\"font-size\":\"desktop:13px;\",\"line-height\":\"desktop:18px;\"}'  style=\"\"><p style=\"color: #fff !important;\">Visita della parte settentrionale della citt\u00e0 attraverso i mercati.<br \/>\nVisita la nuova citt\u00e0 di Marrakech.<\/p>\n<\/div><\/div><div class=\"icon_list_connector\"  style=\"border-right-width: 2px;border-right-style: dashed;border-color: #24c2d3;left: 36px;\"><\/div><\/li><\/ul><\/div>[\/vc_column_inner][\/vc_row_inner][\/vc_column][vc_column width=\"1\/2\" css=\".vc_custom_1636810611011{background-image: url(https:\/\/www.marrakechtoursandtrips.com\/wp-content\/uploads\/2021\/11\/tour-old-medinah-marrakesh.jpg?id=6561) !important;background-position: 0 0 !important;background-repeat: no-repeat !important;}\"][vc_empty_space height=\"442px\"][\/vc_column][\/vc_row][vc_row][vc_column width=\"1\/2\"][vc_single_image image=\"5448\" img_size=\"full\"][\/vc_column][vc_column width=\"1\/2\"]<div class=\"evc-section-title evc-shortcode \" style=\"text-align: left\">\n\t<div class=\"evc-st-inner\">\n\t\t\t\t\t<h2 class=\"evc-st-title\" >\n\t\t\t\tLa migliore guida turistica di Marrakech\t\t\t<\/h2>\n\t\t\t\t\t\t\t<div class=\"evc-st-separator\" ><\/div>\n\t\t\t\t\t\t\t<\/div>\n<\/div>\n[vc_column_text]Marrakech Tours and Trips non \u00e8 l'unica guida di viaggio, ma stiamo cercando di essere i migliori.<\/p>\n<p>Descriviamo la citt\u00e0 rossa Marrakech cos\u00ec com'\u00e8 realmente. Evidenziamo sia gli aspetti positivi che quelli negativi e includiamo informazioni sulla sicurezza e la protezione della citt\u00e0.<\/p>\n<p>Le informazioni fornite in questa guida sono state aggiornate a ottobre 2018.<br \/>\nSe trovi un errore o desideri dare un suggerimento, non esitare a contattarci tramite e-mail o telefono.[\/vc_column_text][vc_btn title=\"Prenota una guida\" shape=\"square\" color=\"primary\" size=\"lg\" link=\"url:https%3A%2F%2Fwww.marrakechtoursandtrips.com%2Fit%2Fmigliore-guida-marrakech%2F\" el_class=\"btnguide\"][\/vc_column][\/vc_row]<\/p>\n<\/section>","protected":false},"excerpt":{"rendered":"<p>[vc_row full_width=\"stretch_row\" css=\".vc_custom_1612428047920{background-image: url(https:\/\/www.marrakechtoursandtrips.com\/wp-content\/uploads\/2020\/05\/bgwhite.jpg?id=5443) !important;}\"][vc_column width=\"1\/2\"][vc_column_text]L'antica capitale del Marocco, Marrakech \u00e8 una citt\u00e0 meravigliosa che offre ai turisti molte attivit\u00e0 interessanti e tour culturali. Ti regaler\u00e0 un'emozionante esperienza di colori, sapori e odori che sentirai quando scenderai dall'aereo e che rimarr\u00e0 con te per diverse settimane dopo il tuo ritorno. Marrakech si trova nel centro [&hellip;]<\/p>\n","protected":false},"author":1,"featured_media":0,"parent":0,"menu_order":0,"comment_status":"closed","ping_status":"closed","template":"","meta":{"_monsterinsights_skip_tracking":false,"_monsterinsights_sitenote_active":false,"_monsterinsights_sitenote_note":"","_monsterinsights_sitenote_category":0,"footnotes":""},"class_list":["post-11283","page","type-page","status-publish","hentry"],"acf":[],"_links":{"self":[{"href":"https:\/\/www.marrakechtoursandtrips.com\/it\/wp-json\/wp\/v2\/pages\/11283","targetHints":{"allow":["GET"]}}],"collection":[{"href":"https:\/\/www.marrakechtoursandtrips.com\/it\/wp-json\/wp\/v2\/pages"}],"about":[{"href":"https:\/\/www.marrakechtoursandtrips.com\/it\/wp-json\/wp\/v2\/types\/page"}],"author":[{"embeddable":true,"href":"https:\/\/www.marrakechtoursandtrips.com\/it\/wp-json\/wp\/v2\/users\/1"}],"replies":[{"embeddable":true,"href":"https:\/\/www.marrakechtoursandtrips.com\/it\/wp-json\/wp\/v2\/comments?post=11283"}],"version-history":[{"count":6,"href":"https:\/\/www.marrakechtoursandtrips.com\/it\/wp-json\/wp\/v2\/pages\/11283\/revisions"}],"predecessor-version":[{"id":24382,"href":"https:\/\/www.marrakechtoursandtrips.com\/it\/wp-json\/wp\/v2\/pages\/11283\/revisions\/24382"}],"wp:attachment":[{"href":"https:\/\/www.marrakechtoursandtrips.com\/it\/wp-json\/wp\/v2\/media?parent=11283"}],"curies":[{"name":"wp","href":"https:\/\/api.w.org\/{rel}","templated":true}]}}